{"id":7058,"date":"2021-05-11T13:45:23","date_gmt":"2021-05-11T11:45:23","guid":{"rendered":"https:\/\/animap-benelux.com\/?page_id=7058"},"modified":"2025-12-10T10:41:30","modified_gmt":"2025-12-10T09:41:30","slug":"impressum-datenschutz","status":"publish","type":"page","link":"https:\/\/animap-benelux.com\/de\/impressum-datenschutz\/","title":{"rendered":"Impressum &#038; Datenschutz"},"content":{"rendered":"<p><span style=\"color: #000000;\"><\/span><\/p>\r\n<p><span style=\"color: #000000;\"><strong>animap wird betrieben von:<\/strong><strong><br \/>SafeBlood Donation<br \/>Ankenweid 29<br \/>CH-8041 Z\u00fcrich<\/strong><\/span><br \/>animap@safeblood.org (bitte keine anderen E-Mail Adressen bei SafeBlood benutzen)<br \/><a href=\"https:\/\/safeblood.org\/?source=animapat\">https:\/\/safeblood.org\/<\/a><\/p>\r\n<p><strong>Haftungsausschluss<br \/><\/strong>Der Autor \u00fcbernimmt keinerlei Gew\u00e4hr hinsichtlich der inhaltlichen Richtigkeit, Genauigkeit, Aktualit\u00e4t, Zuverl\u00e4ssigkeit und Vollst\u00e4ndigkeit der Informationen. Haftungsanspr\u00fcche gegen den Autor wegen Sch\u00e4den materieller oder immaterieller Art, welche aus dem Zugriff oder der Nutzung bzw. Nichtnutzung der ver\u00f6ffentlichten Informationen, durch Missbrauch der Verbindung oder durch technische St\u00f6rungen entstanden sind, werden ausgeschlossen. Alle Angebote sind unverbindlich. Der Autor beh\u00e4lt es sich ausdr\u00fccklich vor, Teile der Seiten oder das gesamte Angebot ohne besondere Ank\u00fcndigung zu ver\u00e4ndern, zu erg\u00e4nzen, zu l\u00f6schen oder die Ver\u00f6ffentlichung zeitweise oder endg\u00fcltig einzustellen.<\/p>\r\n<p><strong>Haftungsausschluss f\u00fcr Links<br \/><\/strong>Verweise und Links auf Webseiten Dritter liegen ausserhalb unseres Verantwortungsbereichs. Es wird jegliche Verantwortung f\u00fcr solche Webseiten abgelehnt. Der Zugriff und die Nutzung solcher Webseiten erfolgen auf eigene Gefahr des jeweiligen Nutzers.<br \/><br \/><strong>Urheberrechte<br \/><\/strong>Die Urheber- und alle anderen Rechte an Inhalten, Bildern, Fotos oder anderen Dateien auf dieser Website, geh\u00f6ren ausschliesslich geh\u00f6ren ausschliesslich dem Verein SafeBlood als Rechteinhaberin. Davon ausgenommen sind Bilder die von Ihnen hochgeladenen wurden, da bleibt das Urheberrecht bei Ihnen. F\u00fcr die Reproduktion jeglicher Elemente ist die schriftliche Zustimmung des Urheberrechtstr\u00e4gers im Voraus einzuholen. Desweiteren werden Stock-Fotos verwendet von nicht genannten Fotografen.<br \/><br \/>Quelle:\u00a0<a href=\"https:\/\/www.swissanwalt.ch\/\" target=\"_blank\" rel=\"noopener\">SwissAnwalt<\/a><\/p>\r\n<p>Die Adresse unserer Website: https:\/\/animap.ch<\/p>\r\n<p>&nbsp;<\/p>\r\n<h4 class=\"wp-block-heading\"><strong>Datenschutz<br \/><\/strong><\/h4>\r\n<p><br \/>Wie bei jeder Verbindung mit einem Webserver protokolliert und speichert der Server unseres Webhosting-Anbieters cyon in Basel, Schweiz, bestimmte technische Daten. Zu diesen Daten geh\u00f6ren die IP-Adresse und das Betriebssystem Ihres Ger\u00e4ts, die Daten, die Zugriffszeit, die Art des Browsers sowie die Browser-Anfrage inklusive der Herkunft der Anfrage (Referrer). Dies ist aus technischen Gr\u00fcnden erforderlich, um Ihnen unsere Website zur Verf\u00fcgung zu stellen. cyon sch\u00fctzt diese Daten mit technischen und organisatorischen Massnahmen vor unerlaubten Zugriffen und gibt sie nicht an Dritte weiter. Soweit wir dabei personenbezogene Daten verarbeiten, tun wir dies aufgrund unseres Interesses, Ihnen die bestm\u00f6gliche Nutzererfahrung zu bieten und die Sicherheit und Stabilit\u00e4t unserer Systeme zu gew\u00e4hrleisten.<\/p>\r\n<p>&nbsp;<\/p>\r\n<p><strong>ANIMAP\u00a0<\/strong>ist ein Branchenverzeichnis. Daher werden als pers\u00f6nliche Daten die jeweiligen Eintr\u00e4ge gef\u00fchrt. Es gibt keine Benutzerkonten.<br \/><br \/>Die Gespeicherte Inhalte sind<br \/>\u00f6ffentlich<\/p>\r\n<ul>\r\n<li>Firmenname<\/li>\r\n<li>Adresse<\/li>\r\n<li>Standort<\/li>\r\n<li>Beschreibung<\/li>\r\n<li>Branche<\/li>\r\n<\/ul>\r\n<p>Optional<\/p>\r\n<ul>\r\n<li>Telefonnummer<\/li>\r\n<li>Webseite<\/li>\r\n<li>E-Mail Adresse<\/li>\r\n<\/ul>\r\n<p>Versteckt<\/p>\r\n<ul>\r\n<li>Vorname<\/li>\r\n<li>Nachname<\/li>\r\n<li>Die optionalen Angaben<\/li>\r\n<li>zus\u00e4tzliche Benutzernamen von anderen Diensten<\/li>\r\n<\/ul>\r\n<p>Jeder hat das Recht an dem eigenen Eintrag.\u00a0 Sie k\u00f6nnen diesen selber \u00e4ndern mit Ihrem Account.<br \/>M\u00f6chten Sie, da\u00df wir Ihren Account l\u00f6schen, schreiben Sie eine E-Mail an oben genannte Adresse.<br \/><br \/>Sofern Sie eine E-Mail an einen Anbieter oder uns schreiben, gelten die Bestimmungen des jeweiligen Anbieters.<br \/><br \/><strong>Caching<\/strong><\/p>\r\n<p>Diese Website nutzt Caching, um eine schnellere Antwortzeit und eine bessere Benutzererfahrung zu erm\u00f6glichen. Caching speichert potenziell eine doppelte Kopie jeder Webseite, die auf dieser Website angezeigt wird. Alle Cache-Dateien sind tempor\u00e4r und werden niemals von Dritten eingesehen, es sei denn, dies ist notwendig, um technische Unterst\u00fctzung vom Cache-Plugin-Anbieter zu erhalten. Cache-Dateien laufen nach einem vom Website-Administrator festgelegten Zeitplan ab, k\u00f6nnen aber bei Bedarf vom Administrator vor ihrem nat\u00fcrlichen Ablaufdatum gel\u00f6scht werden.<\/p>\r\n<p><strong>Kommentare<\/strong><\/p>\r\n<div id=\"privacy-settings-accordion-block-wordpress\" class=\"privacy-settings-accordion-panel privacy-text-box-body hide-privacy-policy-tutorial\">\r\n<p>Wenn Besucher Kommentare auf der Website schreiben, sammeln wir die Daten, die im Kommentar-Formular angezeigt werden, ausserdem die IP-Adresse des Besuchers und den User-Agent-String (damit wird der Browser identifiziert), um die Erkennung von Spam zu unterst\u00fctzen.<\/p>\r\n<p>Aus Ihrer E-Mail-Adresse kann eine anonymisierte Zeichenfolge erstellt (auch Hash genannt) und dem Gravatar-Dienst \u00fcbergeben werden, um zu pr\u00fcfen, ob Sie diesen benutzt. Die Datenschutzerkl\u00e4rung des Gravatar-Dienstes finden Sie hier: https:\/\/automattic.com\/privacy\/. Nachdem Ihr Kommentar freigegeben wurde, ist Ihr Profilbild \u00f6ffentlich im Kontext Ihres Kommentars sichtbar.<\/p>\r\n<p><strong>Medien<\/strong><\/p>\r\n<p>Wenn Sie ein registrierter Benutzer sind und Fotos auf diese Website laden, sollten Sie vermeiden, Fotos mit einem EXIF-GPS-Standort hochzuladen. Besucher dieser Website k\u00f6nnten Fotos, die auf dieser Website gespeichert sind, downloaden und deren Standort-Informationen extrahieren.<\/p>\r\n<p><strong>Cookies<\/strong><\/p>\r\n<p>Wenn Sie einen Kommentar auf unserer Website schreiben, kann das eine Einwilligung sein, Ihren Namen, E-Mail-Adresse und Website in Cookies zu speichern. Dies ist eine Komfortfunktion, damit Sie nicht, wenn Sie einen weiteren Kommentar schreiben, all diese Daten erneut eingeben m\u00fcssen. Diese Cookies werden ein Jahr lang gespeichert.<\/p>\r\n<p>Falls Sie ein Konto haben und Sie sich auf dieser Website anmelden, werden wir ein tempor\u00e4res Cookie setzen, um festzustellen, ob Ihr Browser Cookies akzeptiert. Dieses Cookie enth\u00e4lt keine personenbezogenen Daten und wird verworfen, wenn Sie Ihren Browser schliessen.<\/p>\r\n<p>Wenn Sie sich anmelden, werden wir einige Cookies einrichten, um Ihre Anmeldeinformationen und Anzeigeoptionen zu speichern. Anmelde-Cookies verfallen nach zwei Tagen und Cookies f\u00fcr die Anzeigeoptionen nach einem Jahr. Falls Sie bei der Anmeldung \u00abAngemeldet bleiben\u00bb ausw\u00e4hlen, wird Ihre Anmeldung zwei Wochen lang aufrechterhalten. Mit der Abmeldung aus Ihrem Konto werden die Anmelde-Cookies gel\u00f6scht.<\/p>\r\n<p>Wenn Sie einen Artikel bearbeiten oder ver\u00f6ffentlichen, wird ein zus\u00e4tzlicher Cookie in Ihrem Browser gespeichert. Dieser Cookie enth\u00e4lt keine personenbezogenen Daten und verweist nur auf die Beitrags-ID des Artikels, den Sie gerade bearbeitet haben. Der Cookie verf\u00e4llt nach einem Tag.<\/p>\r\n<p><strong>Eingebettete Inhalte von anderen Websites<\/strong><\/p>\r\n<p>Beitr\u00e4ge auf dieser Website k\u00f6nnen eingebettete Inhalte beinhalten (z.\u00a0B. Videos, Bilder, Beitr\u00e4ge etc.). Eingebettete Inhalte von anderen Websites verhalten sich exakt so, als ob der Besucher die andere Website besucht h\u00e4tte.<\/p>\r\n<p>Diese Websites k\u00f6nnen Daten \u00fcber Sie sammeln, Cookies benutzen, zus\u00e4tzliche Tracking-Dienste von Dritten einbetten und Ihre Interaktion mit diesem eingebetteten Inhalt aufzeichnen, inklusive Ihrer Interaktion mit dem eingebetteten Inhalt, falls Sie ein Konto haben und auf dieser Website angemeldet sind.<\/p>\r\n<p><strong>Mit wem wir Ihre Daten teilen<\/strong><\/p>\r\n<p>Wenn Sie eine Zur\u00fccksetzung des Passworts beantragen, wird Ihre IP-Adresse in der E-Mail zur Zur\u00fccksetzung enthalten sein.<\/p>\r\n<p><strong>Wie lange wir Ihre Daten speichern<\/strong><\/p>\r\n<p>Wenn Sie einen Kommentar schreiben, wird dieser inklusive Metadaten zeitlich unbegrenzt gespeichert. Auf diese Art k\u00f6nnen wir Folgekommentare automatisch erkennen und freigeben, anstatt sie in einer Moderations-Warteschlange festzuhalten.<\/p>\r\n<p>F\u00fcr Benutzer, die sich auf unserer Website registrieren, speichern wir zus\u00e4tzlich die pers\u00f6nlichen Informationen, die sie in ihren Benutzerprofilen angeben. Alle Benutzer k\u00f6nnen jederzeit ihre pers\u00f6nlichen Informationen einsehen, ver\u00e4ndern oder l\u00f6schen (der Benutzername kann nicht ver\u00e4ndert werden). Administratoren der Website k\u00f6nnen diese Informationen ebenfalls einsehen und ver\u00e4ndern.<\/p>\r\n<p><strong>Welche Rechte Sie an Ihren Daten haben<\/strong><\/p>\r\n<p>Wenn Sie ein Konto auf dieser Website besitzen oder Kommentare geschrieben haben, k\u00f6nnen Sie einen Export Ihrer personenbezogenen Daten bei uns anfordern, inklusive aller Daten, die Sie uns mitgeteilt haben. Dar\u00fcber hinaus k\u00f6nnen Sie die L\u00f6schung aller personenbezogenen Daten, die wir von Ihnen gespeichert haben, anfordern. Dies umfasst nicht die Daten, die wir aufgrund administrativer, rechtlicher oder sicherheitsrelevanter Notwendigkeiten aufbewahren m\u00fcssen.<\/p>\r\n<p><strong>Wohin wir Ihre Daten senden<\/strong><\/p>\r\n<p>Besucher-Kommentare k\u00f6nnten von einem automatisierten Dienst zur Spam-Erkennung untersucht werden.<\/p>\r\n<\/div>\r\n<p><span style=\"color: #000000;\"><\/span><\/p>","protected":false},"excerpt":{"rendered":"<p>animap wird betrieben von:SafeBlood DonationAnkenweid 29CH-8041 Z\u00fcrichanimap@safeblood.org (bitte keine anderen E-Mail Adressen bei SafeBlood benutzen)https:\/\/safeblood.org\/ HaftungsausschlussDer Autor \u00fcbernimmt keinerlei Gew\u00e4hr hinsichtlich der inhaltlichen Richtigkeit, Genauigkeit, Aktualit\u00e4t, Zuverl\u00e4ssigkeit und Vollst\u00e4ndigkeit der Informationen. Haftungsanspr\u00fcche gegen den Autor wegen Sch\u00e4den materieller oder immaterieller Art, welche aus dem Zugriff oder der Nutzung bzw. Nichtnutzung der ver\u00f6ffentlichten Informationen, durch Missbrauch &#8230; <a href=\"https:\/\/animap-benelux.com\/de\/impressum-datenschutz\/\" class=\"more-link\">Continue Reading &#187; <span class=\"screen-reader-text\"> about  Impressum &#038; Datenschutz<\/span><\/a><\/p>\n","protected":false},"author":2,"featured_media":0,"parent":0,"menu_order":0,"comment_status":"closed","ping_status":"closed","template":"","meta":{"_genesis_hide_title":false,"_genesis_hide_breadcrumbs":false,"_genesis_hide_singular_image":false,"_genesis_hide_footer_widgets":false,"_genesis_custom_body_class":"","_genesis_custom_post_class":"","_genesis_layout":"","footnotes":""},"class_list":{"0":"post-7058","1":"page","2":"type-page","3":"status-publish","5":"entry"},"_links":{"self":[{"href":"https:\/\/animap-benelux.com\/de\/wp-json\/wp\/v2\/pages\/7058","targetHints":{"allow":["GET"]}}],"collection":[{"href":"https:\/\/animap-benelux.com\/de\/wp-json\/wp\/v2\/pages"}],"about":[{"href":"https:\/\/animap-benelux.com\/de\/wp-json\/wp\/v2\/types\/page"}],"author":[{"embeddable":true,"href":"https:\/\/animap-benelux.com\/de\/wp-json\/wp\/v2\/users\/2"}],"replies":[{"embeddable":true,"href":"https:\/\/animap-benelux.com\/de\/wp-json\/wp\/v2\/comments?post=7058"}],"version-history":[{"count":6,"href":"https:\/\/animap-benelux.com\/de\/wp-json\/wp\/v2\/pages\/7058\/revisions"}],"predecessor-version":[{"id":10087,"href":"https:\/\/animap-benelux.com\/de\/wp-json\/wp\/v2\/pages\/7058\/revisions\/10087"}],"wp:attachment":[{"href":"https:\/\/animap-benelux.com\/de\/wp-json\/wp\/v2\/media?parent=7058"}],"curies":[{"name":"wp","href":"https:\/\/api.w.org\/{rel}","templated":true}]}}