{"id":7995,"date":"2021-05-30T20:50:09","date_gmt":"2021-05-30T18:50:09","guid":{"rendered":"https:\/\/animap-benelux.com\/?page_id=7995"},"modified":"2021-05-30T20:50:09","modified_gmt":"2021-05-30T18:50:09","slug":"confirm","status":"publish","type":"page","link":"https:\/\/animap-benelux.com\/de\/confirm\/","title":{"rendered":"E-Mail-Adresse wurde best\u00e4tigt"},"content":{"rendered":"<p>Herzlichen Dank f\u00fcr die Best\u00e4tigung Ihrer E-Mail-Adresse. Bis zur Freischaltung Ihres Eintrages bitten wir Sie um etwas Geduld. Vielen Dank.<\/p>\n","protected":false},"excerpt":{"rendered":"<p>Herzlichen Dank f\u00fcr die Best\u00e4tigung Ihrer E-Mail-Adresse. Bis zur Freischaltung Ihres Eintrages bitten wir Sie um etwas Geduld. Vielen Dank.<\/p>\n","protected":false},"author":2,"featured_media":0,"parent":0,"menu_order":0,"comment_status":"closed","ping_status":"closed","template":"","meta":{"_genesis_hide_title":false,"_genesis_hide_breadcrumbs":false,"_genesis_hide_singular_image":false,"_genesis_hide_footer_widgets":false,"_genesis_custom_body_class":"","_genesis_custom_post_class":"","_genesis_layout":"","footnotes":""},"class_list":{"0":"post-7995","1":"page","2":"type-page","3":"status-publish","5":"entry","6":"has-post-thumbnail"},"_links":{"self":[{"href":"https:\/\/animap-benelux.com\/de\/wp-json\/wp\/v2\/pages\/7995","targetHints":{"allow":["GET"]}}],"collection":[{"href":"https:\/\/animap-benelux.com\/de\/wp-json\/wp\/v2\/pages"}],"about":[{"href":"https:\/\/animap-benelux.com\/de\/wp-json\/wp\/v2\/types\/page"}],"author":[{"embeddable":true,"href":"https:\/\/animap-benelux.com\/de\/wp-json\/wp\/v2\/users\/2"}],"replies":[{"embeddable":true,"href":"https:\/\/animap-benelux.com\/de\/wp-json\/wp\/v2\/comments?post=7995"}],"version-history":[{"count":1,"href":"https:\/\/animap-benelux.com\/de\/wp-json\/wp\/v2\/pages\/7995\/revisions"}],"predecessor-version":[{"id":7996,"href":"https:\/\/animap-benelux.com\/de\/wp-json\/wp\/v2\/pages\/7995\/revisions\/7996"}],"wp:attachment":[{"href":"https:\/\/animap-benelux.com\/de\/wp-json\/wp\/v2\/media?parent=7995"}],"curies":[{"name":"wp","href":"https:\/\/api.w.org\/{rel}","templated":true}]}}