{"id":9913,"date":"2024-01-29T12:13:57","date_gmt":"2024-01-29T11:13:57","guid":{"rendered":"https:\/\/animap-benelux.com\/?page_id=9913"},"modified":"2024-01-31T14:52:39","modified_gmt":"2024-01-31T13:52:39","slug":"animap-das-diskriminierungsfreie-branchenportal","status":"publish","type":"page","link":"https:\/\/animap-benelux.com\/de\/","title":{"rendered":"ANIMAP, das diskriminierungsfreie Branchenportal"},"content":{"rendered":"\r\n<div class=\"wp-block-cover alignfull is-light is-position-center-center wp-duotone-abb8c3-ffffff-1\" style=\"min-height:800px;aspect-ratio:unset;\"><span aria-hidden=\"true\" class=\"wp-block-cover__background has-background-dim-0 has-background-dim\"><\/span><img decoding=\"async\" class=\"wp-block-cover__image-background wp-image-2166\" alt=\"\" src=\"https:\/\/animap-benelux.com\/wp-content\/uploads\/2024\/01\/robert-bye-F2eHfMwIOxA-unsplash-scaled-1.jpg\" data-object-fit=\"cover\"\/><div class=\"wp-block-cover__inner-container is-layout-flow wp-block-cover-is-layout-flow\">\r\n<h1 class=\"wp-block-heading has-text-align-center\">ANIMAP <\/h1>\r\n\r\n\r\n\r\n<p class=\"has-text-align-center\">Sein Sie dabei bei <strong>476<\/strong> diskriminierungsfreien Unternehmen und Anbietern<br> oder finden Sie ihr Lieblingsgesch\u00e4ft.<\/p>\r\n\r\n\r\n\r\n<div class=\"wp-block-buttons is-content-justification-center is-layout-flex wp-block-buttons-is-layout-flex\">\r\n<div class=\"wp-block-button\"><a class=\"wp-block-button__link wp-element-button\" href=\"#suche\">Anbieter finden<\/a><\/div>\r\n<\/div>\r\n<\/div><\/div>\r\n\r\n\r\n\r\n<div class=\"wp-block-group alignwide search-bar\"><div class=\"wp-block-group__inner-container is-layout-flow wp-block-group-is-layout-flow\">\r\n<h2 class=\"wp-block-heading has-text-align-center\" id=\"suche\">Finde einen Anbieter<\/h2>\r\n\r\n\r\n\r\n<p class=\"has-text-align-center\">Suche nach Gesch\u00e4ften, Dienstleistungen oder Unternehmen nach Suchwort, Region, Kategorie<\/p>\r\n\r\n\r\n<form role=\"search\"  action=\"https:\/\/animap-benelux.com\/de\/\" method=\"get\" class=\"animap_advanced_search\"><input type=\"search\" name=\"s\" placeholder=\"Suchen nach\" value=\"\" \/><input type=\"search\" placeholder=\"Ort oder Postleitzahl\" name=\"dep\" value=\"\" \/><select name=\"animap_cat\"><option value=\"none\">Kategorie<\/option><option  value=\"3\">andere<\/option><option  value=\"52\">\u00c4rzte, Medizin u. Gesundheit<\/option><option  value=\"53\">Auto, Fahrrad u. Verkehr<\/option><option  value=\"54\">Computer, EDV und Telekommunikation<\/option><option  value=\"56\">Dienstleistungen<\/option><option  value=\"58\">Finanzen, Versicherung u. Recht<\/option><option  value=\"70\">Gastronomie<\/option><option  value=\"59\">Handel<\/option><option  value=\"55\">Handwerk<\/option><option  value=\"60\">Haus, Garten u. Bau<\/option><option  value=\"61\">Industrie u. Wirtschaft<\/option><option  value=\"62\">Kunst und Kultur<\/option><option  value=\"64\">Medien<\/option><option  value=\"65\">\u00d6ffentl. Einrichtungen u. Vereine<\/option><option  value=\"66\">Reisen u. Tourismus<\/option><option  value=\"67\">Schule u. Bildung<\/option><option  value=\"68\">Sport u. Freizeit<\/option><option  value=\"57\">Tiere<\/option><option  value=\"69\">Verleih und Vermietung<\/option><\/select><input type=\"hidden\" name=\"advancedSearch\" value=\"1234\"><button class=\"\" type=\"submit\" value=\"search\" aria-label=\"Submit Search\"><i class=\"fas fa-search\" aria-hidden=\"true\"><\/i> <span>Suche<\/span><\/button><\/form><style>.animap_advanced_search{ display: flex;  flex-wrap: wrap;   justify-content: space-between;} .animap_advanced_search input, .animap_advanced_search button , .animap_advanced_search select {box-sizing: border-box; width: calc(25% - 10px);  margin: 5px;}@media (max-width: 768px) { .animap_advanced_search input, .animap_advanced_search button , .animap_advanced_search select { width: 100%;}}<\/style>\n<\/div><\/div>\r\n\r\n\r\n\r\n<div class=\"wp-block-group alignwide\"><div class=\"wp-block-group__inner-container is-layout-flow wp-block-group-is-layout-flow\">\r\n<h2 class=\"wp-block-heading has-text-align-center\">Finde dein Lieblingsunternehmen<\/h2>\r\n\r\n\r\n\r\n<p class=\"has-text-align-center\">Wir helfen dir, dein Lieblingsunternehmen, ein passendes Gesch\u00e4ft oder einen Anbieter in deiner Region zu finden.<\/p>\r\n\r\n\r\n\r\n<div class=\"wp-block-columns is-layout-flex wp-container-core-columns-is-layout-9d6595d7 wp-block-columns-is-layout-flex\">\r\n<div class=\"wp-block-column is-layout-flow wp-block-column-is-layout-flow\">\r\n<i class=\"large fas fa-virus\"><\/i>\r\n\r\n\r\n\r\n<p class=\"has-text-align-center\"><strong>Kein Gesundheitsnotstand<\/strong>.<br>Wir listen Gesch\u00e4fte auf, die sich auch w\u00e4hrend des Gesundheitsnotstands nicht haben unterkriegen lassen.<\/p>\r\n\r\n\r\n\r\n<div class=\"wp-block-buttons is-content-justification-center is-layout-flex wp-block-buttons-is-layout-flex\">\r\n<div class=\"wp-block-button is-style-small\"><a class=\"wp-block-button__link wp-element-button\" href=\"\/de\/about\/\">Erfahren Sie mehr<\/a><\/div>\r\n<\/div>\r\n<\/div>\r\n\r\n\r\n\r\n<div class=\"wp-block-column is-layout-flow wp-block-column-is-layout-flow\">\r\n<i class=\"large fas fa-map-marker-alt\"><\/i>\r\n\r\n\r\n\r\n<p class=\"has-text-align-center\"><strong>Regionale Gesch\u00e4fte.<\/strong><br>In Zeiten der Globalisierung werden regionale Gesch\u00e4fte wichtiger, denn diese st\u00e4rken den Zusammenhalt.<\/p>\r\n\r\n\r\n\r\n<div class=\"wp-block-buttons is-content-justification-center is-layout-flex wp-block-buttons-is-layout-flex\">\r\n<div class=\"wp-block-button is-style-small\"><a class=\"wp-block-button__link wp-element-button\" href=\"\/de\/karte\">Zur Karte<\/a><\/div>\r\n<\/div>\r\n<\/div>\r\n<\/div>\r\n<\/div><\/div>\r\n\r\n\r\n\r\n<hr class=\"wp-block-separator has-css-opacity is-style-wide\"\/>\r\n\r\n\r\n\r\n\r\n\r\n<h2 class=\"wp-block-heading has-text-align-center\">Entdecken<\/h2>\r\n\r\n\r\n<div class=\"display-posts community grid\"><div class=\"listing-item\"><a class=\"image\" href=\"https:\/\/animap-benelux.com\/de\/eintrag\/nimva-bitcoin-helpdesk\/\"><img src=\"https:\/\/animap-benelux.com\/wp-content\/uploads\/2021\/05\/AdvertentieNimvakopie-150x150.png\" class=\"attachment-square-image size-square-image wp-post-image\" alt=\"\" decoding=\"async\" loading=\"lazy\"><\/a><a class=\"title\" href=\"https:\/\/animap-benelux.com\/de\/eintrag\/nimva-bitcoin-helpdesk\/\">Nimva, Bitcoin Helpdesk, Zottegem<\/a><\/div><div class=\"listing-item\"><a class=\"image\" href=\"https:\/\/animap-benelux.com\/de\/eintrag\/me-time-moment\/\"><img src=\"https:\/\/animap-benelux.com\/wp-content\/uploads\/2021\/07\/IMG_20201117_090450_394-150x150.jpg\" class=\"attachment-square-image size-square-image wp-post-image\" alt=\"\" decoding=\"async\" loading=\"lazy\"><\/a><a class=\"title\" href=\"https:\/\/animap-benelux.com\/de\/eintrag\/me-time-moment\/\">Me Time Moment, Zwevezele<\/a><\/div><div class=\"listing-item\"><a class=\"image\" href=\"https:\/\/animap-benelux.com\/de\/eintrag\/innerbeeld\/\"><img src=\"https:\/\/animap-benelux.com\/wp-content\/uploads\/2021\/08\/innerbeeldlogodefmetpay-offvierkant-150x150.png\" class=\"attachment-square-image size-square-image wp-post-image\" alt=\"\" decoding=\"async\" loading=\"lazy\"><\/a><a class=\"title\" href=\"https:\/\/animap-benelux.com\/de\/eintrag\/innerbeeld\/\">innerbeeld, Oudesluis<\/a><\/div><div class=\"listing-item\"><a class=\"image\" href=\"https:\/\/animap-benelux.com\/de\/eintrag\/laka-hander\/\"><img src=\"https:\/\/animap-benelux.com\/wp-content\/uploads\/2021\/05\/logo-150x150.jpg\" class=\"attachment-square-image size-square-image wp-post-image\" alt=\"\" decoding=\"async\" loading=\"lazy\"><\/a><a class=\"title\" href=\"https:\/\/animap-benelux.com\/de\/eintrag\/laka-hander\/\">L\u00e4ka H\u00e4nder, Ardooie<\/a><\/div><div class=\"listing-item\"><a class=\"image\" href=\"https:\/\/animap-benelux.com\/de\/eintrag\/intentif\/\"><img src=\"https:\/\/animap-benelux.com\/wp-content\/uploads\/2021\/05\/LogometslagzinGROWINGLeadersTO-150x150.jpg\" class=\"attachment-square-image size-square-image wp-post-image\" alt=\"\" decoding=\"async\" loading=\"lazy\"><\/a><a class=\"title\" href=\"https:\/\/animap-benelux.com\/de\/eintrag\/intentif\/\">Intentif, Gent<\/a><\/div><div class=\"listing-item\"><a class=\"image\" href=\"https:\/\/animap-benelux.com\/de\/eintrag\/care-4-you\/\"><img src=\"https:\/\/animap-benelux.com\/wp-content\/uploads\/2021\/05\/21870-150x150.jpg\" class=\"attachment-square-image size-square-image wp-post-image\" alt=\"\" decoding=\"async\" loading=\"lazy\"><\/a><a class=\"title\" href=\"https:\/\/animap-benelux.com\/de\/eintrag\/care-4-you\/\">Care 4 you, Hoegaarden<\/a><\/div><\/div>\n\r\n\r\n\r\n<hr class=\"wp-block-separator has-alpha-channel-opacity\"\/>\r\n\r\n\r\n<div class=\"animap-disclaimer\" style=\"margin-top:7px;display:block;\">Durch den Eintrag bei ANIMAP verzichtet dieses Unternehmen ausdr\u00fccklich auf das Vorweisen von Gesundheits-Dokumenten.\nANIMAP basiert auf \"Treu und Glauben\" und \u00fcbernimmt deshalb keine Gew\u00e4hr f\u00fcr die Einhaltung dieser ethischen Grunds\u00e4tze.<\/div>","protected":false},"excerpt":{"rendered":"<div class=\"animap-contact\"><span class=\"icon-column dashicons dashicons-editor-paste-text\"><\/span><span class=\"data-column address\"><a href=\"https:\/\/animap-benelux.com\/de\/eintrag\/care-4-you\/\">Care 4 you<\/a><\/span><span class=\"icon-column dashicons dashicons-location-alt\"><\/span><span class=\"data-column town\">3320 Hoegaarden<\/span><span class=\"icon-column dashicons dashicons-tag\"><\/span><span class=\"data-column phone\">, <\/span><\/div>","protected":false},"author":2,"featured_media":0,"parent":0,"menu_order":0,"comment_status":"closed","ping_status":"closed","template":"page-templates\/no-sidebar-wide.php","meta":{"_genesis_hide_title":false,"_genesis_hide_breadcrumbs":false,"_genesis_hide_singular_image":false,"_genesis_hide_footer_widgets":false,"_genesis_custom_body_class":"","_genesis_custom_post_class":"","_genesis_layout":"","footnotes":""},"class_list":{"0":"post-9913","1":"page","2":"type-page","3":"status-publish","5":"entry","6":"has-post-thumbnail"},"_links":{"self":[{"href":"https:\/\/animap-benelux.com\/de\/wp-json\/wp\/v2\/pages\/9913","targetHints":{"allow":["GET"]}}],"collection":[{"href":"https:\/\/animap-benelux.com\/de\/wp-json\/wp\/v2\/pages"}],"about":[{"href":"https:\/\/animap-benelux.com\/de\/wp-json\/wp\/v2\/types\/page"}],"author":[{"embeddable":true,"href":"https:\/\/animap-benelux.com\/de\/wp-json\/wp\/v2\/users\/2"}],"replies":[{"embeddable":true,"href":"https:\/\/animap-benelux.com\/de\/wp-json\/wp\/v2\/comments?post=9913"}],"version-history":[{"count":6,"href":"https:\/\/animap-benelux.com\/de\/wp-json\/wp\/v2\/pages\/9913\/revisions"}],"predecessor-version":[{"id":9954,"href":"https:\/\/animap-benelux.com\/de\/wp-json\/wp\/v2\/pages\/9913\/revisions\/9954"}],"wp:attachment":[{"href":"https:\/\/animap-benelux.com\/de\/wp-json\/wp\/v2\/media?parent=9913"}],"curies":[{"name":"wp","href":"https:\/\/api.w.org\/{rel}","templated":true}]}}