{"id":4506,"date":"2021-01-03T21:56:27","date_gmt":"2021-01-03T20:56:27","guid":{"rendered":"https:\/\/animap.ch\/animap-ch-worum-es-geht-francais\/"},"modified":"2024-01-28T19:49:40","modified_gmt":"2024-01-28T18:49:40","slug":"animap-ch-de-quoi-sagit-il","status":"publish","type":"page","link":"https:\/\/animap-benelux.com\/fr\/animap-ch-de-quoi-sagit-il\/","title":{"rendered":"animap &#8211; De quoi s&rsquo;agit-il"},"content":{"rendered":"<p>\u00c0 cause du Corona et de la gestion politique de ce virus, des fractures de plus en plus profondes se forment au sein de la population. Avec le CST (Covid SafeTicket), toutes les personnes ne souhaitant pas se faire vacciner, seront d\u00e9savantag\u00e9es et exclues. La r\u00e9ponse \u00e0 cet apartheid vaccinal imminent est ANIMAP.<\/p>\n<p>Il s\u2019agit d\u2019un r\u00e9pertoire regroupant les entreprises, les commerces et les ind\u00e9pendants de tous les secteurs qui n\u2019excluent personne en ce qui concerne le vaccin Covid-19 et qui permettent \u00e0 chacun d\u2019acc\u00e9der librement \u00e0 leurs produits et services.<\/p>\n<p>\u00cates-vous \u00e9galement contre la discrimination et l\u2019exclusion des personnes non-vaccin\u00e9es ? <a href=\"https:\/\/animap-benelux.com\/fr\/enregistrer-la-societe\/\">Cliquez ici<\/a> pour enregistrer gratuitement votre entreprise.<\/p>\n<p><strong>Veuillez noter que l&rsquo;ANIMAP est g\u00e9r\u00e9 par des b\u00e9n\u00e9voles et que, par cons\u00e9quent, toutes les traductions ne sont pas encore correctes. Bien s\u00fbr, nous serions tr\u00e8s heureux d&rsquo;une contribution. Merci beaucoup.<\/strong><\/p>\n","protected":false},"excerpt":{"rendered":"<p>\u00c0 cause du Corona et de la gestion politique de ce virus, des fractures de plus en plus profondes se forment au sein de la population. Avec le CST (Covid SafeTicket), toutes les personnes ne souhaitant pas se faire vacciner, seront d\u00e9savantag\u00e9es et exclues. La r\u00e9ponse \u00e0 cet apartheid vaccinal imminent est ANIMAP. Il s\u2019agit &#8230; <a href=\"https:\/\/animap-benelux.com\/fr\/animap-ch-de-quoi-sagit-il\/\" class=\"more-link\">Continue Reading &#187; <span class=\"screen-reader-text\"> about  animap &#8211; De quoi s&rsquo;agit-il<\/span><\/a><\/p>\n","protected":false},"author":1,"featured_media":0,"parent":0,"menu_order":0,"comment_status":"closed","ping_status":"closed","template":"template-frontpage.php","meta":{"_genesis_hide_title":false,"_genesis_hide_breadcrumbs":false,"_genesis_hide_singular_image":false,"_genesis_hide_footer_widgets":false,"_genesis_custom_body_class":"","_genesis_custom_post_class":"","_genesis_layout":"full-width-content","footnotes":""},"class_list":{"0":"post-4506","1":"page","2":"type-page","3":"status-publish","5":"entry"},"_links":{"self":[{"href":"https:\/\/animap-benelux.com\/fr\/wp-json\/wp\/v2\/pages\/4506","targetHints":{"allow":["GET"]}}],"collection":[{"href":"https:\/\/animap-benelux.com\/fr\/wp-json\/wp\/v2\/pages"}],"about":[{"href":"https:\/\/animap-benelux.com\/fr\/wp-json\/wp\/v2\/types\/page"}],"author":[{"embeddable":true,"href":"https:\/\/animap-benelux.com\/fr\/wp-json\/wp\/v2\/users\/1"}],"replies":[{"embeddable":true,"href":"https:\/\/animap-benelux.com\/fr\/wp-json\/wp\/v2\/comments?post=4506"}],"version-history":[{"count":8,"href":"https:\/\/animap-benelux.com\/fr\/wp-json\/wp\/v2\/pages\/4506\/revisions"}],"predecessor-version":[{"id":9888,"href":"https:\/\/animap-benelux.com\/fr\/wp-json\/wp\/v2\/pages\/4506\/revisions\/9888"}],"wp:attachment":[{"href":"https:\/\/animap-benelux.com\/fr\/wp-json\/wp\/v2\/media?parent=4506"}],"curies":[{"name":"wp","href":"https:\/\/api.w.org\/{rel}","templated":true}]}}