{"id":9889,"date":"2024-01-28T20:32:47","date_gmt":"2024-01-28T19:32:47","guid":{"rendered":"https:\/\/animap-benelux.com\/?page_id=9889"},"modified":"2024-01-31T14:49:41","modified_gmt":"2024-01-31T13:49:41","slug":"aimap-le-portail-professionnel-non-discriminatoire","status":"publish","type":"page","link":"https:\/\/animap-benelux.com\/fr\/","title":{"rendered":"ANIMAP &#8211; Le portail professionnel non-discriminatoire"},"content":{"rendered":"\r\n<div class=\"wp-block-cover alignfull is-light is-position-center-center wp-duotone-abb8c3-ffffff-1\" style=\"min-height: 800px;aspect-ratio:unset;\"><img decoding=\"async\" class=\"wp-block-cover__image-background wp-image-2166\" src=\"https:\/\/animap-benelux.com\/wp-content\/uploads\/2024\/01\/robert-bye-F2eHfMwIOxA-unsplash-scaled-1.jpg\" alt=\"\" data-object-fit=\"cover\" \/>\r\n<div class=\"wp-block-cover__inner-container is-layout-flow wp-block-cover-is-layout-flow\">\r\n<h1 class=\"wp-block-heading has-text-align-center\">ANIMAP<\/h1>\r\n\r\n\r\n\r\n<p class=\"has-text-align-center\">Faites partie des <strong>476<\/strong> entreprises et fournisseurs non discriminatoires. ou trouvez votre magasin pr\u00e9f\u00e9r\u00e9.<\/p>\r\n\r\n\r\n\r\n<div class=\"wp-block-buttons is-content-justification-center is-layout-flex wp-block-buttons-is-layout-flex\">\r\n<div class=\"wp-block-button\"><a class=\"wp-block-button__link wp-element-button\" href=\"#suche\">Trouver un fournisseur<\/a><\/div>\r\n<\/div>\r\n<\/div>\r\n<\/div>\r\n\r\n\r\n\r\n<div class=\"wp-block-group alignwide search-bar\"><div class=\"wp-block-group__inner-container is-layout-flow wp-block-group-is-layout-flow\">\r\n<h2 id=\"suche\" class=\"wp-block-heading has-text-align-center\">Trouver un fournisseur<\/h2>\r\n\r\n\r\n\r\n<p class=\"has-text-align-center\">Recherche de commerces, services ou entreprises par mot-cl\u00e9, r\u00e9gion, cat\u00e9gorie<\/p>\r\n\r\n\r\n<form role=\"search\"  action=\"https:\/\/animap-benelux.com\/fr\/\" method=\"get\" class=\"animap_advanced_search\"><input type=\"search\" name=\"s\" placeholder=\"Mot de recherche\" value=\"\" \/><input type=\"search\" placeholder=\"Lieu ou code postal\" name=\"dep\" value=\"\" \/><select name=\"animap_cat\"><option value=\"none\">cat\u00e9gorie<\/option><option  value=\"39\">Animaux<\/option><option  value=\"44\">Art et culture<\/option><option  value=\"37\">Artisanat<\/option><option  value=\"2\">Autres<\/option><option  value=\"41\">Commerce<\/option><option  value=\"48\">\u00c9cole et \u00e9ducation<\/option><option  value=\"40\">Finance, assurance et droit<\/option><option  value=\"51\">Gastronomie<\/option><option  value=\"43\">Industrie et \u00e9conomie<\/option><option  value=\"36\">Informatique et t\u00e9l\u00e9communications<\/option><option  value=\"46\">Institutions publiques et associations<\/option><option  value=\"50\">Location et leasing<\/option><option  value=\"42\">Maison, jardin et construction<\/option><option  value=\"34\">M\u00e9decins, m\u00e9decine et sant\u00e9<\/option><option  value=\"45\">M\u00e9dia<\/option><option  value=\"38\">Prestations de Service<\/option><option  value=\"49\">Sports et loisirs<\/option><option  value=\"35\">Voiture, v\u00e9lo et transports<\/option><option  value=\"47\">Voyages et tourisme<\/option><\/select><input type=\"hidden\" name=\"advancedSearch\" value=\"1234\"><button class=\"\" type=\"submit\" value=\"search\" aria-label=\"Submit Search\"><i class=\"fas fa-search\" aria-hidden=\"true\"><\/i> <span>Rechercher<\/span><\/button><\/form><style>.animap_advanced_search{ display: flex;  flex-wrap: wrap;   justify-content: space-between;} .animap_advanced_search input, .animap_advanced_search button , .animap_advanced_search select {box-sizing: border-box; width: calc(25% - 10px);  margin: 5px;}@media (max-width: 768px) { .animap_advanced_search input, .animap_advanced_search button , .animap_advanced_search select { width: 100%;}}<\/style>\n<\/div><\/div>\r\n\r\n\r\n\r\n<div class=\"wp-block-group alignwide\"><div class=\"wp-block-group__inner-container is-layout-flow wp-block-group-is-layout-flow\">\r\n<h2 class=\"wp-block-heading has-text-align-center\">Trouve ton entreprise pr\u00e9f\u00e9r\u00e9e<\/h2>\r\n\r\n\r\n\r\n<p class=\"has-text-align-center\">Nous t&rsquo;aidons \u00e0 trouver ton entreprise pr\u00e9f\u00e9r\u00e9e, un magasin ou un fournisseur dans ta r\u00e9gion..<\/p>\r\n\r\n\r\n\r\n<div class=\"wp-block-columns is-layout-flex wp-container-core-columns-is-layout-9d6595d7 wp-block-columns-is-layout-flex\">\r\n<div class=\"wp-block-column is-layout-flow wp-block-column-is-layout-flow\"> <i class=\"large fas fa-virus\"><\/i> \r\n\r\n\r\n<p class=\"has-text-align-center\"><strong>Pas de crise sanitaire<\/strong>.<br \/>Nous dressons la liste des commer\u00e7ants qui ne se sont pas laiss\u00e9s abattre pendant l&rsquo;\u00e9tat d&rsquo;urgence sanitaire.<\/p>\r\n\r\n\r\n\r\n<div class=\"wp-block-buttons is-content-justification-center is-layout-flex wp-block-buttons-is-layout-flex\">\r\n<div class=\"wp-block-button is-style-small\"><a class=\"wp-block-button__link wp-element-button\" href=\"\/fr\/animap-ch-de-quoi-sagit-il\/\/\">En savoir plus<\/a><\/div>\r\n<\/div>\r\n<\/div>\r\n\r\n\r\n\r\n<div class=\"wp-block-column is-layout-flow wp-block-column-is-layout-flow\"> <i class=\"large fas fa-money-bill-alt\"><\/i> \r\n\r\n\r\n<p class=\"has-text-align-center\"><strong>Commerces r\u00e9gionaux.<\/strong><br \/>\u00c0 l&rsquo;heure de la mondialisation, les affaires r\u00e9gionales prennent de l&rsquo;importance, car elles renforcent la coh\u00e9sion.<\/p>\r\n\r\n\r\n\r\n<div class=\"wp-block-buttons is-content-justification-center is-layout-flex wp-block-buttons-is-layout-flex\">\r\n<div class=\"wp-block-button is-style-small\"><a class=\"wp-block-button__link wp-element-button\" href=\"\/fr\/carte\">Vers la carte<\/a><\/div>\r\n<\/div>\r\n<\/div>\r\n<\/div>\r\n<\/div><\/div>\r\n\r\n\r\n<hr class=\"wp-block-separator has-css-opacity is-style-wide\" \/>\r\n\r\n\r\n<h2 class=\"wp-block-heading has-text-align-center\">D\u00e9couvrir<\/h2>\r\n\r\n\r\n<div class=\"display-posts community grid\"><div class=\"listing-item\"><a class=\"image\" href=\"https:\/\/animap-benelux.com\/fr\/eintrag\/artemis\/\"><img src=\"https:\/\/animap-benelux.com\/wp-content\/uploads\/2021\/05\/DPP_19-07-19_Hands-0023-150x150.jpg\" class=\"attachment-square-image size-square-image wp-post-image\" alt=\"\" decoding=\"async\" loading=\"lazy\"><\/a><a class=\"title\" href=\"https:\/\/animap-benelux.com\/fr\/eintrag\/artemis\/\">Artemis, Borsbeek<\/a><\/div><div class=\"listing-item\"><a class=\"image\" href=\"https:\/\/animap-benelux.com\/fr\/eintrag\/aime-vis-danse-biodanza\/\"><img src=\"https:\/\/animap-benelux.com\/wp-content\/uploads\/2021\/07\/AVD-proposition01_vDEF_02_WEB-150x150.jpg\" class=\"attachment-square-image size-square-image wp-post-image\" alt=\"\" decoding=\"async\" loading=\"lazy\"><\/a><a class=\"title\" href=\"https:\/\/animap-benelux.com\/fr\/eintrag\/aime-vis-danse-biodanza\/\">Aime Vis Danse Biodanza, Bruxelles (Ixelles)<\/a><\/div><div class=\"listing-item\"><a class=\"image\" href=\"https:\/\/animap-benelux.com\/fr\/eintrag\/relaxhuis-carpe-diem\/\"><img src=\"https:\/\/animap-benelux.com\/wp-content\/uploads\/2021\/09\/logo-carpediem-web-150x150.png\" class=\"attachment-square-image size-square-image wp-post-image\" alt=\"\" decoding=\"async\" loading=\"lazy\"><\/a><a class=\"title\" href=\"https:\/\/animap-benelux.com\/fr\/eintrag\/relaxhuis-carpe-diem\/\">Relaxhuis Carpe Diem, Meulebeke<\/a><\/div><div class=\"listing-item\"><a class=\"image\" href=\"https:\/\/animap-benelux.com\/fr\/eintrag\/daniel-verpleatse-sois-curieux-de-toi\/\"><img src=\"https:\/\/animap-benelux.com\/wp-content\/uploads\/2021\/05\/logoDVmoyen-150x150.jpg\" class=\"attachment-square-image size-square-image wp-post-image\" alt=\"\" decoding=\"async\" loading=\"lazy\"><\/a><a class=\"title\" href=\"https:\/\/animap-benelux.com\/fr\/eintrag\/daniel-verpleatse-sois-curieux-de-toi\/\">Daniel Verplaetse &#8211; Sois curieux de toi, Thuin<\/a><\/div><div class=\"listing-item\"><a class=\"image\" href=\"https:\/\/animap-benelux.com\/fr\/eintrag\/energie-check\/\"><img src=\"https:\/\/animap-benelux.com\/wp-content\/uploads\/2021\/11\/20211101_233355-150x150.jpg\" class=\"attachment-square-image size-square-image wp-post-image\" alt=\"\" decoding=\"async\" loading=\"lazy\"><\/a><a class=\"title\" href=\"https:\/\/animap-benelux.com\/fr\/eintrag\/energie-check\/\">Energie check, Antwerpen <\/a><\/div><div class=\"listing-item\"><a class=\"image\" href=\"https:\/\/animap-benelux.com\/fr\/eintrag\/un-petit-pois-pour-lhomme\/\"><img src=\"https:\/\/animap-benelux.com\/wp-content\/uploads\/2021\/05\/Logo1ppH-150x150.png\" class=\"attachment-square-image size-square-image wp-post-image\" alt=\"\" decoding=\"async\" loading=\"lazy\"><\/a><a class=\"title\" href=\"https:\/\/animap-benelux.com\/fr\/eintrag\/un-petit-pois-pour-lhomme\/\">Un Petit Pois pour l&rsquo;Homme, Fisenne<\/a><\/div><\/div>\n\r\n\r\n<hr class=\"wp-block-separator has-alpha-channel-opacity\" \/>\r\n<p>&nbsp;<\/p><div class=\"animap-disclaimer\" style=\"margin-top:7px;display:block;\">En entrant sur le site animap, l'entreprise montre son d\u00e9saccord par rapport aux r\u00e8gles sanitaires \"covid\" impos\u00e9es par le gouvernement belge, en particulier pour l'utilisation du CST (Covid Safe Ticket). Il n'effectuerait le contr\u00f4le du CST que sous la contrainte et contre son gr\u00e9. Animap est fond\u00e9 sur la bonne foi et ne porte aucune responsabilit\u00e9 si ce principe \u00e9thique n'est pas respect\u00e9.<\/div>","protected":false},"excerpt":{"rendered":"<div class=\"animap-contact\"><span class=\"icon-column dashicons dashicons-editor-paste-text\"><\/span><span class=\"data-column address\"><a href=\"https:\/\/animap-benelux.com\/fr\/eintrag\/un-petit-pois-pour-lhomme\/\">Un Petit Pois pour l'Homme<\/a><\/span><span class=\"icon-column dashicons dashicons-location-alt\"><\/span><span class=\"data-column town\">6997 Fisenne<\/span><span class=\"icon-column dashicons dashicons-tag\"><\/span><span class=\"data-column phone\">, <\/span><\/div>","protected":false},"author":2,"featured_media":0,"parent":0,"menu_order":0,"comment_status":"closed","ping_status":"closed","template":"page-templates\/no-sidebar-wide.php","meta":{"_genesis_hide_title":false,"_genesis_hide_breadcrumbs":false,"_genesis_hide_singular_image":false,"_genesis_hide_footer_widgets":false,"_genesis_custom_body_class":"","_genesis_custom_post_class":"","_genesis_layout":"","footnotes":""},"class_list":{"0":"post-9889","1":"page","2":"type-page","3":"status-publish","5":"entry","6":"has-post-thumbnail"},"_links":{"self":[{"href":"https:\/\/animap-benelux.com\/fr\/wp-json\/wp\/v2\/pages\/9889","targetHints":{"allow":["GET"]}}],"collection":[{"href":"https:\/\/animap-benelux.com\/fr\/wp-json\/wp\/v2\/pages"}],"about":[{"href":"https:\/\/animap-benelux.com\/fr\/wp-json\/wp\/v2\/types\/page"}],"author":[{"embeddable":true,"href":"https:\/\/animap-benelux.com\/fr\/wp-json\/wp\/v2\/users\/2"}],"replies":[{"embeddable":true,"href":"https:\/\/animap-benelux.com\/fr\/wp-json\/wp\/v2\/comments?post=9889"}],"version-history":[{"count":21,"href":"https:\/\/animap-benelux.com\/fr\/wp-json\/wp\/v2\/pages\/9889\/revisions"}],"predecessor-version":[{"id":9952,"href":"https:\/\/animap-benelux.com\/fr\/wp-json\/wp\/v2\/pages\/9889\/revisions\/9952"}],"wp:attachment":[{"href":"https:\/\/animap-benelux.com\/fr\/wp-json\/wp\/v2\/media?parent=9889"}],"curies":[{"name":"wp","href":"https:\/\/api.w.org\/{rel}","templated":true}]}}